{"id":248,"date":"2024-10-11T08:39:10","date_gmt":"2024-10-11T06:39:10","guid":{"rendered":"https:\/\/novafres.es\/error-404-2\/"},"modified":"2025-04-07T12:39:38","modified_gmt":"2025-04-07T10:39:38","slug":"error-404-2","status":"publish","type":"page","link":"https:\/\/novafres.es\/ca\/error-404-2\/","title":{"rendered":"Error 404"},"content":{"rendered":"\t\t<div data-elementor-type=\"wp-page\" data-elementor-id=\"248\" class=\"elementor elementor-248 elementor-135\" data-elementor-post-type=\"page\">\n\t\t\t\t\t\t<section class=\"elementor-section elementor-top-section elementor-element elementor-element-5e4cbfd1 elementor-section-boxed elementor-section-height-default elementor-section-height-default\" data-id=\"5e4cbfd1\" data-element_type=\"section\" data-settings=\"{&quot;background_background&quot;:&quot;classic&quot;}\">\n\t\t\t\t\t\t\t<div class=\"elementor-background-overlay\"><\/div>\n\t\t\t\t\t\t\t<div class=\"elementor-container elementor-column-gap-default\">\n\t\t\t\t\t<div class=\"elementor-column elementor-col-100 elementor-top-column elementor-element elementor-element-6e9d7032\" data-id=\"6e9d7032\" data-element_type=\"column\">\n\t\t\t<div class=\"elementor-widget-wrap elementor-element-populated\">\n\t\t\t\t\t\t<section class=\"elementor-section elementor-inner-section elementor-element elementor-element-3735e627 elementor-section-boxed elementor-section-height-default elementor-section-height-default\" data-id=\"3735e627\" data-element_type=\"section\">\n\t\t\t\t\t\t<div class=\"elementor-container elementor-column-gap-default\">\n\t\t\t\t\t<div class=\"elementor-column elementor-col-100 elementor-inner-column elementor-element elementor-element-7c2d9fe9\" data-id=\"7c2d9fe9\" data-element_type=\"column\" data-settings=\"{&quot;background_background&quot;:&quot;classic&quot;}\">\n\t\t\t<div class=\"elementor-widget-wrap elementor-element-populated\">\n\t\t\t\t\t<div class=\"elementor-background-overlay\"><\/div>\n\t\t\t\t\t\t<div class=\"elementor-element elementor-element-507fbb21 elementor-widget__width-auto elementor-invisible elementor-widget elementor-widget-heading\" data-id=\"507fbb21\" data-element_type=\"widget\" data-settings=\"{&quot;_animation&quot;:&quot;fadeInUp&quot;,&quot;_animation_delay&quot;:200}\" data-widget_type=\"heading.default\">\n\t\t\t\t<div class=\"elementor-widget-container\">\n\t\t\t<h6 class=\"elementor-heading-title elementor-size-default\">Error 404<\/h6>\t\t<\/div>\n\t\t\t\t<\/div>\n\t\t\t\t<div class=\"elementor-element elementor-element-7ae53ef7 elementor-invisible elementor-widget elementor-widget-heading\" data-id=\"7ae53ef7\" data-element_type=\"widget\" data-settings=\"{&quot;_animation&quot;:&quot;fadeInUp&quot;,&quot;_animation_delay&quot;:300}\" data-widget_type=\"heading.default\">\n\t\t\t\t<div class=\"elementor-widget-container\">\n\t\t\t<h1 class=\"elementor-heading-title elementor-size-default\">P\u00e0gina no trobada<\/h1>\t\t<\/div>\n\t\t\t\t<\/div>\n\t\t\t\t<div class=\"elementor-element elementor-element-2039ae8b elementor-invisible elementor-widget elementor-widget-heading\" data-id=\"2039ae8b\" data-element_type=\"widget\" data-settings=\"{&quot;_animation&quot;:&quot;fadeInUp&quot;,&quot;_animation_delay&quot;:350}\" data-widget_type=\"heading.default\">\n\t\t\t\t<div class=\"elementor-widget-container\">\n\t\t\t<div class=\"elementor-heading-title elementor-size-default\">La p\u00e0gina que cerques ja no existeix. Potser podeu tornar a la p\u00e0gina d'inici del lloc i veure si trobeu el que busqueu. <\/div>\t\t<\/div>\n\t\t\t\t<\/div>\n\t\t\t\t<div class=\"elementor-element elementor-element-1329246e elementor-align-center elementor-invisible elementor-widget elementor-widget-button\" data-id=\"1329246e\" data-element_type=\"widget\" data-settings=\"{&quot;_animation&quot;:&quot;fadeInUp&quot;,&quot;_animation_delay&quot;:400}\" data-widget_type=\"button.default\">\n\t\t\t\t<div class=\"elementor-widget-container\">\n\t\t\t\t\t<div class=\"elementor-button-wrapper\">\n\t\t\t<a class=\"elementor-button elementor-button-link elementor-size-md\" href=\"https:\/\/novafres.es\/ca\/\">\n\t\t\t\t\t\t<span class=\"elementor-button-content-wrapper\">\n\t\t\t\t\t\t\t\t\t<span class=\"elementor-button-text\">Anar a la portada<\/span>\n\t\t\t\t\t<\/span>\n\t\t\t\t\t<\/a>\n\t\t<\/div>\n\t\t\t\t<\/div>\n\t\t\t\t<\/div>\n\t\t\t\t\t<\/div>\n\t\t<\/div>\n\t\t\t\t\t<\/div>\n\t\t<\/section>\n\t\t\t\t\t<\/div>\n\t\t<\/div>\n\t\t\t\t\t<\/div>\n\t\t<\/section>\n\t\t\t\t<\/div>\n\t\t","protected":false},"excerpt":{"rendered":"<p>Error 404 P\u00e0gina no trobada La p\u00e0gina que cerques ja no existeix. Potser podeu tornar a la p\u00e0gina d&#8217;inici del lloc i veure si trobeu el que busqueu. Anar a la portada<\/p>\n","protected":false},"author":2,"featured_media":0,"parent":0,"menu_order":5000,"comment_status":"closed","ping_status":"closed","template":"","meta":{"_joinchat":[],"footnotes":""},"class_list":["post-248","page","type-page","status-publish","hentry"],"yoast_head":"<!-- This site is optimized with the Yoast SEO plugin v23.6 - https:\/\/yoast.com\/wordpress\/plugins\/seo\/ -->\n<title>Error 404 - Distribuciones Novafres SL<\/title>\n<meta name=\"robots\" content=\"index, follow, max-snippet:-1, max-image-preview:large, max-video-preview:-1\" \/>\n<link rel=\"canonical\" href=\"https:\/\/novafres.es\/ca\/error-404-2\/\" \/>\n<meta property=\"og:locale\" content=\"ca_ES\" \/>\n<meta property=\"og:type\" content=\"article\" \/>\n<meta property=\"og:title\" content=\"Error 404 - Distribuciones Novafres SL\" \/>\n<meta property=\"og:description\" content=\"Error 404 P\u00e0gina no trobada La p\u00e0gina que cerques ja no existeix. Potser podeu tornar a la p\u00e0gina d&#8217;inici del lloc i veure si trobeu el que busqueu. Anar a la portada\" \/>\n<meta property=\"og:url\" content=\"https:\/\/novafres.es\/ca\/error-404-2\/\" \/>\n<meta property=\"og:site_name\" content=\"Distribuciones Novafres SL\" \/>\n<meta property=\"article:modified_time\" content=\"2025-04-07T10:39:38+00:00\" \/>\n<meta name=\"twitter:card\" content=\"summary_large_image\" \/>\n<script type=\"application\/ld+json\" class=\"yoast-schema-graph\">{\"@context\":\"https:\/\/schema.org\",\"@graph\":[{\"@type\":\"WebPage\",\"@id\":\"https:\/\/novafres.es\/ca\/error-404-2\/\",\"url\":\"https:\/\/novafres.es\/ca\/error-404-2\/\",\"name\":\"Error 404 - Distribuciones Novafres SL\",\"isPartOf\":{\"@id\":\"https:\/\/novafres.es\/ca\/#website\"},\"datePublished\":\"2024-10-11T06:39:10+00:00\",\"dateModified\":\"2025-04-07T10:39:38+00:00\",\"breadcrumb\":{\"@id\":\"https:\/\/novafres.es\/ca\/error-404-2\/#breadcrumb\"},\"inLanguage\":\"ca\",\"potentialAction\":[{\"@type\":\"ReadAction\",\"target\":[\"https:\/\/novafres.es\/ca\/error-404-2\/\"]}]},{\"@type\":\"BreadcrumbList\",\"@id\":\"https:\/\/novafres.es\/ca\/error-404-2\/#breadcrumb\",\"itemListElement\":[{\"@type\":\"ListItem\",\"position\":1,\"name\":\"Portada\",\"item\":\"https:\/\/novafres.es\/ca\/\"},{\"@type\":\"ListItem\",\"position\":2,\"name\":\"Error 404\"}]},{\"@type\":\"WebSite\",\"@id\":\"https:\/\/novafres.es\/ca\/#website\",\"url\":\"https:\/\/novafres.es\/ca\/\",\"name\":\"Distribuciones Novafres SL\",\"description\":\"\",\"potentialAction\":[{\"@type\":\"SearchAction\",\"target\":{\"@type\":\"EntryPoint\",\"urlTemplate\":\"https:\/\/novafres.es\/ca\/?s={search_term_string}\"},\"query-input\":{\"@type\":\"PropertyValueSpecification\",\"valueRequired\":true,\"valueName\":\"search_term_string\"}}],\"inLanguage\":\"ca\"}]}<\/script>\n<!-- \/ Yoast SEO plugin. -->","yoast_head_json":{"title":"Error 404 - Distribuciones Novafres SL","robots":{"index":"index","follow":"follow","max-snippet":"max-snippet:-1","max-image-preview":"max-image-preview:large","max-video-preview":"max-video-preview:-1"},"canonical":"https:\/\/novafres.es\/ca\/error-404-2\/","og_locale":"ca_ES","og_type":"article","og_title":"Error 404 - Distribuciones Novafres SL","og_description":"Error 404 P\u00e0gina no trobada La p\u00e0gina que cerques ja no existeix. Potser podeu tornar a la p\u00e0gina d&#8217;inici del lloc i veure si trobeu el que busqueu. Anar a la portada","og_url":"https:\/\/novafres.es\/ca\/error-404-2\/","og_site_name":"Distribuciones Novafres SL","article_modified_time":"2025-04-07T10:39:38+00:00","twitter_card":"summary_large_image","schema":{"@context":"https:\/\/schema.org","@graph":[{"@type":"WebPage","@id":"https:\/\/novafres.es\/ca\/error-404-2\/","url":"https:\/\/novafres.es\/ca\/error-404-2\/","name":"Error 404 - Distribuciones Novafres SL","isPartOf":{"@id":"https:\/\/novafres.es\/ca\/#website"},"datePublished":"2024-10-11T06:39:10+00:00","dateModified":"2025-04-07T10:39:38+00:00","breadcrumb":{"@id":"https:\/\/novafres.es\/ca\/error-404-2\/#breadcrumb"},"inLanguage":"ca","potentialAction":[{"@type":"ReadAction","target":["https:\/\/novafres.es\/ca\/error-404-2\/"]}]},{"@type":"BreadcrumbList","@id":"https:\/\/novafres.es\/ca\/error-404-2\/#breadcrumb","itemListElement":[{"@type":"ListItem","position":1,"name":"Portada","item":"https:\/\/novafres.es\/ca\/"},{"@type":"ListItem","position":2,"name":"Error 404"}]},{"@type":"WebSite","@id":"https:\/\/novafres.es\/ca\/#website","url":"https:\/\/novafres.es\/ca\/","name":"Distribuciones Novafres SL","description":"","potentialAction":[{"@type":"SearchAction","target":{"@type":"EntryPoint","urlTemplate":"https:\/\/novafres.es\/ca\/?s={search_term_string}"},"query-input":{"@type":"PropertyValueSpecification","valueRequired":true,"valueName":"search_term_string"}}],"inLanguage":"ca"}]}},"_links":{"self":[{"href":"https:\/\/novafres.es\/ca\/wp-json\/wp\/v2\/pages\/248","targetHints":{"allow":["GET"]}}],"collection":[{"href":"https:\/\/novafres.es\/ca\/wp-json\/wp\/v2\/pages"}],"about":[{"href":"https:\/\/novafres.es\/ca\/wp-json\/wp\/v2\/types\/page"}],"author":[{"embeddable":true,"href":"https:\/\/novafres.es\/ca\/wp-json\/wp\/v2\/users\/2"}],"replies":[{"embeddable":true,"href":"https:\/\/novafres.es\/ca\/wp-json\/wp\/v2\/comments?post=248"}],"version-history":[{"count":1,"href":"https:\/\/novafres.es\/ca\/wp-json\/wp\/v2\/pages\/248\/revisions"}],"predecessor-version":[{"id":249,"href":"https:\/\/novafres.es\/ca\/wp-json\/wp\/v2\/pages\/248\/revisions\/249"}],"wp:attachment":[{"href":"https:\/\/novafres.es\/ca\/wp-json\/wp\/v2\/media?parent=248"}],"curies":[{"name":"wp","href":"https:\/\/api.w.org\/{rel}","templated":true}]}}