{"id":238,"date":"2024-10-11T08:37:20","date_gmt":"2024-10-11T06:37:20","guid":{"rendered":"https:\/\/novafres.es\/empresa-2\/"},"modified":"2025-06-13T09:43:24","modified_gmt":"2025-06-13T07:43:24","slug":"empresa-2","status":"publish","type":"page","link":"https:\/\/novafres.es\/ca\/empresa-2\/","title":{"rendered":"Empresa"},"content":{"rendered":"\t\t<div data-elementor-type=\"wp-page\" data-elementor-id=\"238\" class=\"elementor elementor-238 elementor-119\" data-elementor-post-type=\"page\">\n\t\t\t\t\t\t<section class=\"elementor-section elementor-top-section elementor-element elementor-element-ebf5032 elementor-section-boxed elementor-section-height-default elementor-section-height-default\" data-id=\"ebf5032\" data-element_type=\"section\" data-settings=\"{&quot;background_background&quot;:&quot;classic&quot;}\">\n\t\t\t\t\t\t\t<div class=\"elementor-background-overlay\"><\/div>\n\t\t\t\t\t\t\t<div class=\"elementor-container elementor-column-gap-default\">\n\t\t\t\t\t<div class=\"elementor-column elementor-col-100 elementor-top-column elementor-element elementor-element-9dfd0ec\" data-id=\"9dfd0ec\" data-element_type=\"column\">\n\t\t\t<div class=\"elementor-widget-wrap elementor-element-populated\">\n\t\t\t\t\t\t<section class=\"elementor-section elementor-inner-section elementor-element elementor-element-0a6e1ef elementor-section-boxed elementor-section-height-default elementor-section-height-default\" data-id=\"0a6e1ef\" data-element_type=\"section\">\n\t\t\t\t\t\t<div class=\"elementor-container elementor-column-gap-default\">\n\t\t\t\t\t<div class=\"elementor-column elementor-col-100 elementor-inner-column elementor-element elementor-element-b470544\" data-id=\"b470544\" data-element_type=\"column\">\n\t\t\t<div class=\"elementor-widget-wrap elementor-element-populated\">\n\t\t\t\t\t\t<div class=\"elementor-element elementor-element-57051fd elementor-invisible elementor-widget elementor-widget-heading\" data-id=\"57051fd\" data-element_type=\"widget\" data-settings=\"{&quot;_animation&quot;:&quot;fadeInUp&quot;}\" data-widget_type=\"heading.default\">\n\t\t\t\t<div class=\"elementor-widget-container\">\n\t\t\t<h1 class=\"elementor-heading-title elementor-size-default\">Empresa<\/h1>\t\t<\/div>\n\t\t\t\t<\/div>\n\t\t\t\t<div class=\"elementor-element elementor-element-ad7d129 elementor-invisible elementor-widget elementor-widget-heading\" data-id=\"ad7d129\" data-element_type=\"widget\" data-settings=\"{&quot;_animation&quot;:&quot;fadeInUp&quot;,&quot;_animation_delay&quot;:200}\" data-widget_type=\"heading.default\">\n\t\t\t\t<div class=\"elementor-widget-container\">\n\t\t\t<h4 class=\"elementor-heading-title elementor-size-default\">Distribuciones Novafres SL<\/h4>\t\t<\/div>\n\t\t\t\t<\/div>\n\t\t\t\t\t<\/div>\n\t\t<\/div>\n\t\t\t\t\t<\/div>\n\t\t<\/section>\n\t\t\t\t\t<\/div>\n\t\t<\/div>\n\t\t\t\t\t<\/div>\n\t\t<\/section>\n\t\t\t\t<section class=\"elementor-section elementor-top-section elementor-element elementor-element-bfedf96 elementor-section-boxed elementor-section-height-default elementor-section-height-default\" data-id=\"bfedf96\" data-element_type=\"section\" data-settings=\"{&quot;background_background&quot;:&quot;classic&quot;}\">\n\t\t\t\t\t\t<div class=\"elementor-container elementor-column-gap-default\">\n\t\t\t\t\t<div class=\"elementor-column elementor-col-50 elementor-top-column elementor-element elementor-element-7efdcec elementor-invisible\" data-id=\"7efdcec\" data-element_type=\"column\" data-settings=\"{&quot;animation&quot;:&quot;fadeInLeft&quot;}\">\n\t\t\t<div class=\"elementor-widget-wrap elementor-element-populated\">\n\t\t\t\t\t\t<div class=\"elementor-element elementor-element-2cfaf7d elementor-widget elementor-widget-heading\" data-id=\"2cfaf7d\" data-element_type=\"widget\" data-widget_type=\"heading.default\">\n\t\t\t\t<div class=\"elementor-widget-container\">\n\t\t\t<h6 class=\"elementor-heading-title elementor-size-default\">EMPRESA<\/h6>\t\t<\/div>\n\t\t\t\t<\/div>\n\t\t\t\t<div class=\"elementor-element elementor-element-1fb3f49 elementor-widget elementor-widget-heading\" data-id=\"1fb3f49\" data-element_type=\"widget\" data-widget_type=\"heading.default\">\n\t\t\t\t<div class=\"elementor-widget-container\">\n\t\t\t<h2 class=\"elementor-heading-title elementor-size-default\">DISTRIBUCIONS NOVAFRES<\/h2>\t\t<\/div>\n\t\t\t\t<\/div>\n\t\t\t\t<div class=\"elementor-element elementor-element-43f398e elementor-widget elementor-widget-text-editor\" data-id=\"43f398e\" data-element_type=\"widget\" data-widget_type=\"text-editor.default\">\n\t\t\t\t<div class=\"elementor-widget-container\">\n\t\t\t\t\t\t\t<p>Distribucions\u00a0Novafres\u00a0S.L. \u00e9s una empresa familiar, situada a Viladecans, amb m\u00e9s de 20 anys d&#8217;experi\u00e8ncia a la zona del Baix Llobregat. Proporcionem un servei integral a l&#8217;hostaleria i restauraci\u00f3 de la zona, la nostra m\u00e0xima \u00e9s garantir un servei flexible i proper als nostres clients.<\/p><p>Comptem amb un equip professional, tant comercial com de log\u00edstica que intentar\u00e0 facilitar al m\u00e0xim la vostra feina i us acompanyar\u00e0 dia a dia en el que necessiteu. Amb un ampli cat\u00e0leg de productes, recolzat per grans marques i companyies que garanteixen la millor qualitat i treballen per oferir el millor als vostres clients.<\/p>\t\t\t\t\t\t<\/div>\n\t\t\t\t<\/div>\n\t\t\t\t\t<\/div>\n\t\t<\/div>\n\t\t\t\t<div class=\"elementor-column elementor-col-50 elementor-top-column elementor-element elementor-element-e8a0456\" data-id=\"e8a0456\" data-element_type=\"column\">\n\t\t\t<div class=\"elementor-widget-wrap elementor-element-populated\">\n\t\t\t\t\t\t<div class=\"elementor-element elementor-element-0b95434 elementor-invisible elementor-widget elementor-widget-image\" data-id=\"0b95434\" data-element_type=\"widget\" data-settings=\"{&quot;_animation&quot;:&quot;bounceInDown&quot;}\" data-widget_type=\"image.default\">\n\t\t\t\t<div class=\"elementor-widget-container\">\n\t\t\t\t\t\t\t\t\t\t\t\t\t<img fetchpriority=\"high\" decoding=\"async\" width=\"740\" height=\"1110\" src=\"https:\/\/novafres.es\/wp-content\/uploads\/2025\/06\/Embutidos-olivas.jpg\" class=\"attachment-full size-full wp-image-422\" alt=\"\" srcset=\"https:\/\/novafres.es\/wp-content\/uploads\/2025\/06\/Embutidos-olivas.jpg 740w, https:\/\/novafres.es\/wp-content\/uploads\/2025\/06\/Embutidos-olivas-200x300.jpg 200w, https:\/\/novafres.es\/wp-content\/uploads\/2025\/06\/Embutidos-olivas-683x1024.jpg 683w\" sizes=\"(max-width: 740px) 100vw, 740px\" \/>\t\t\t\t\t\t\t\t\t\t\t\t\t<\/div>\n\t\t\t\t<\/div>\n\t\t\t\t\t<\/div>\n\t\t<\/div>\n\t\t\t\t\t<\/div>\n\t\t<\/section>\n\t\t\t\t<section class=\"elementor-section elementor-top-section elementor-element elementor-element-1d3a004 elementor-section-boxed elementor-section-height-default elementor-section-height-default\" data-id=\"1d3a004\" data-element_type=\"section\" data-settings=\"{&quot;background_background&quot;:&quot;classic&quot;}\">\n\t\t\t\t\t\t<div class=\"elementor-container elementor-column-gap-default\">\n\t\t\t\t\t<div class=\"elementor-column elementor-col-50 elementor-top-column elementor-element elementor-element-cda0a9c\" data-id=\"cda0a9c\" data-element_type=\"column\">\n\t\t\t<div class=\"elementor-widget-wrap elementor-element-populated\">\n\t\t\t\t\t\t<div class=\"elementor-element elementor-element-165fc98 elementor-invisible elementor-widget elementor-widget-image\" data-id=\"165fc98\" data-element_type=\"widget\" data-settings=\"{&quot;_animation&quot;:&quot;bounceInDown&quot;}\" data-widget_type=\"image.default\">\n\t\t\t\t<div class=\"elementor-widget-container\">\n\t\t\t\t\t\t\t\t\t\t\t\t\t<img decoding=\"async\" width=\"740\" height=\"1110\" src=\"https:\/\/novafres.es\/wp-content\/uploads\/2025\/06\/Aceite.jpg\" class=\"attachment-full size-full wp-image-424\" alt=\"\" srcset=\"https:\/\/novafres.es\/wp-content\/uploads\/2025\/06\/Aceite.jpg 740w, https:\/\/novafres.es\/wp-content\/uploads\/2025\/06\/Aceite-200x300.jpg 200w, https:\/\/novafres.es\/wp-content\/uploads\/2025\/06\/Aceite-683x1024.jpg 683w\" sizes=\"(max-width: 740px) 100vw, 740px\" \/>\t\t\t\t\t\t\t\t\t\t\t\t\t<\/div>\n\t\t\t\t<\/div>\n\t\t\t\t\t<\/div>\n\t\t<\/div>\n\t\t\t\t<div class=\"elementor-column elementor-col-50 elementor-top-column elementor-element elementor-element-2a6e91e elementor-invisible\" data-id=\"2a6e91e\" data-element_type=\"column\" data-settings=\"{&quot;animation&quot;:&quot;fadeInLeft&quot;}\">\n\t\t\t<div class=\"elementor-widget-wrap elementor-element-populated\">\n\t\t\t\t\t\t<div class=\"elementor-element elementor-element-9ae31f4 elementor-widget elementor-widget-heading\" data-id=\"9ae31f4\" data-element_type=\"widget\" data-widget_type=\"heading.default\">\n\t\t\t\t<div class=\"elementor-widget-container\">\n\t\t\t<h6 class=\"elementor-heading-title elementor-size-default\">TREBALLEM AMB LES MILLORS MARQUES<\/h6>\t\t<\/div>\n\t\t\t\t<\/div>\n\t\t\t\t<div class=\"elementor-element elementor-element-4a4803f elementor-widget elementor-widget-heading\" data-id=\"4a4803f\" data-element_type=\"widget\" data-widget_type=\"heading.default\">\n\t\t\t\t<div class=\"elementor-widget-container\">\n\t\t\t<h2 class=\"elementor-heading-title elementor-size-default\">LES NOSTRES MARQUES<\/h2>\t\t<\/div>\n\t\t\t\t<\/div>\n\t\t\t\t<div class=\"elementor-element elementor-element-75a9c74 elementor-widget elementor-widget-text-editor\" data-id=\"75a9c74\" data-element_type=\"widget\" data-widget_type=\"text-editor.default\">\n\t\t\t\t<div class=\"elementor-widget-container\">\n\t\t\t\t\t\t\t<ul><li>Cervezas Moritz \u2013 Ambar<\/li><li>Grupo Vichy Catalan<\/li><li>Asturiana<\/li><li>Nestl\u00e9 \/ Viladrau<\/li><li>Campofr\u00edo<\/li><li>Aceites Saba<\/li><li>El men\u00fa \/ grupo gil comes<\/li><li>Vallformosa<\/li><li>Vin\u00edsimo<\/li><li>Covides<\/li><li>Destilerias Mi\u00f1o<\/li><li>Cellers Uni\u00f3<\/li><li>Diamir<\/li><li>Aceitunas Bernal<\/li><li>Perucchi<\/li><li>Surt Diez<\/li><li>Herdist<\/li><\/ul>\t\t\t\t\t\t<\/div>\n\t\t\t\t<\/div>\n\t\t\t\t\t<\/div>\n\t\t<\/div>\n\t\t\t\t\t<\/div>\n\t\t<\/section>\n\t\t\t\t<section class=\"elementor-section elementor-top-section elementor-element elementor-element-bd8bc05 elementor-section-boxed elementor-section-height-default elementor-section-height-default elementor-invisible\" data-id=\"bd8bc05\" data-element_type=\"section\" data-settings=\"{&quot;animation&quot;:&quot;fadeIn&quot;}\">\n\t\t\t\t\t\t<div class=\"elementor-container elementor-column-gap-default\">\n\t\t\t\t\t<div class=\"elementor-column elementor-col-100 elementor-top-column elementor-element elementor-element-bf28d9c\" data-id=\"bf28d9c\" data-element_type=\"column\">\n\t\t\t<div class=\"elementor-widget-wrap elementor-element-populated\">\n\t\t\t\t\t\t<div class=\"elementor-element elementor-element-c302838 elementor-widget elementor-widget-image-carousel\" data-id=\"c302838\" data-element_type=\"widget\" data-settings=\"{&quot;slides_to_show&quot;:&quot;6&quot;,&quot;slides_to_show_tablet&quot;:&quot;5&quot;,&quot;slides_to_show_mobile&quot;:&quot;3&quot;,&quot;slides_to_scroll&quot;:&quot;1&quot;,&quot;navigation&quot;:&quot;none&quot;,&quot;autoplay&quot;:&quot;yes&quot;,&quot;pause_on_hover&quot;:&quot;yes&quot;,&quot;pause_on_interaction&quot;:&quot;yes&quot;,&quot;autoplay_speed&quot;:5000,&quot;infinite&quot;:&quot;yes&quot;,&quot;speed&quot;:500}\" data-widget_type=\"image-carousel.default\">\n\t\t\t\t<div class=\"elementor-widget-container\">\n\t\t\t\t\t<div class=\"elementor-image-carousel-wrapper swiper\" dir=\"ltr\">\n\t\t\t<div class=\"elementor-image-carousel swiper-wrapper\" aria-live=\"off\">\n\t\t\t\t\t\t\t\t<div class=\"swiper-slide\" role=\"group\" aria-roledescription=\"slide\" aria-label=\"1 de 19\"><figure class=\"swiper-slide-inner\"><img decoding=\"async\" class=\"swiper-slide-image\" src=\"https:\/\/novafres.es\/wp-content\/uploads\/2025\/06\/moritz.jpg\" alt=\"\" \/><\/figure><\/div><div class=\"swiper-slide\" role=\"group\" aria-roledescription=\"slide\" aria-label=\"2 de 19\"><figure class=\"swiper-slide-inner\"><img decoding=\"async\" class=\"swiper-slide-image\" src=\"https:\/\/novafres.es\/wp-content\/uploads\/2025\/06\/logo-ambar.webp\" alt=\"\" \/><\/figure><\/div><div class=\"swiper-slide\" role=\"group\" aria-roledescription=\"slide\" aria-label=\"3 de 19\"><figure class=\"swiper-slide-inner\"><img decoding=\"async\" class=\"swiper-slide-image\" src=\"https:\/\/novafres.es\/wp-content\/uploads\/2025\/06\/vichi.jpg\" alt=\"\" \/><\/figure><\/div><div class=\"swiper-slide\" role=\"group\" aria-roledescription=\"slide\" aria-label=\"4 de 19\"><figure class=\"swiper-slide-inner\"><img decoding=\"async\" class=\"swiper-slide-image\" src=\"https:\/\/novafres.es\/wp-content\/uploads\/2025\/06\/nestle.png\" alt=\"\" \/><\/figure><\/div><div class=\"swiper-slide\" role=\"group\" aria-roledescription=\"slide\" aria-label=\"5 de 19\"><figure class=\"swiper-slide-inner\"><img decoding=\"async\" class=\"swiper-slide-image\" src=\"https:\/\/novafres.es\/wp-content\/uploads\/2025\/06\/asturiana-logo.png\" alt=\"\" \/><\/figure><\/div><div class=\"swiper-slide\" role=\"group\" aria-roledescription=\"slide\" aria-label=\"6 de 19\"><figure class=\"swiper-slide-inner\"><img decoding=\"async\" class=\"swiper-slide-image\" src=\"https:\/\/novafres.es\/wp-content\/uploads\/2025\/06\/vallformosa.png\" alt=\"\" \/><\/figure><\/div><div class=\"swiper-slide\" role=\"group\" aria-roledescription=\"slide\" aria-label=\"7 de 19\"><figure class=\"swiper-slide-inner\"><img decoding=\"async\" class=\"swiper-slide-image\" src=\"https:\/\/novafres.es\/wp-content\/uploads\/2025\/06\/destilerias_mino_logo.jpg\" alt=\"\" \/><\/figure><\/div><div class=\"swiper-slide\" role=\"group\" aria-roledescription=\"slide\" aria-label=\"8 de 19\"><figure class=\"swiper-slide-inner\"><img decoding=\"async\" class=\"swiper-slide-image\" src=\"https:\/\/novafres.es\/wp-content\/uploads\/2025\/06\/cellers-unio.png\" alt=\"\" \/><\/figure><\/div><div class=\"swiper-slide\" role=\"group\" aria-roledescription=\"slide\" aria-label=\"9 de 19\"><figure class=\"swiper-slide-inner\"><img decoding=\"async\" class=\"swiper-slide-image\" src=\"https:\/\/novafres.es\/wp-content\/uploads\/2025\/06\/vinisimo.png\" alt=\"\" \/><\/figure><\/div><div class=\"swiper-slide\" role=\"group\" aria-roledescription=\"slide\" aria-label=\"10 de 19\"><figure class=\"swiper-slide-inner\"><img decoding=\"async\" class=\"swiper-slide-image\" src=\"https:\/\/novafres.es\/wp-content\/uploads\/2025\/06\/viladrau.png\" alt=\"\" \/><\/figure><\/div><div class=\"swiper-slide\" role=\"group\" aria-roledescription=\"slide\" aria-label=\"11 de 19\"><figure class=\"swiper-slide-inner\"><img decoding=\"async\" class=\"swiper-slide-image\" src=\"https:\/\/novafres.es\/wp-content\/uploads\/2025\/06\/bernal.png\" alt=\"\" \/><\/figure><\/div><div class=\"swiper-slide\" role=\"group\" aria-roledescription=\"slide\" aria-label=\"12 de 19\"><figure class=\"swiper-slide-inner\"><img decoding=\"async\" class=\"swiper-slide-image\" src=\"https:\/\/novafres.es\/wp-content\/uploads\/2025\/06\/covides.png\" alt=\"\" \/><\/figure><\/div><div class=\"swiper-slide\" role=\"group\" aria-roledescription=\"slide\" aria-label=\"13 de 19\"><figure class=\"swiper-slide-inner\"><img decoding=\"async\" class=\"swiper-slide-image\" src=\"https:\/\/novafres.es\/wp-content\/uploads\/2025\/06\/logo-perucchi_1.jpg\" alt=\"\" \/><\/figure><\/div><div class=\"swiper-slide\" role=\"group\" aria-roledescription=\"slide\" aria-label=\"14 de 19\"><figure class=\"swiper-slide-inner\"><img decoding=\"async\" class=\"swiper-slide-image\" src=\"https:\/\/novafres.es\/wp-content\/uploads\/2025\/06\/campofrio.png\" alt=\"\" \/><\/figure><\/div><div class=\"swiper-slide\" role=\"group\" aria-roledescription=\"slide\" aria-label=\"15 de 19\"><figure class=\"swiper-slide-inner\"><img decoding=\"async\" class=\"swiper-slide-image\" src=\"https:\/\/novafres.es\/wp-content\/uploads\/2025\/06\/grupogilcomes.png\" alt=\"\" \/><\/figure><\/div><div class=\"swiper-slide\" role=\"group\" aria-roledescription=\"slide\" aria-label=\"16 de 19\"><figure class=\"swiper-slide-inner\"><img decoding=\"async\" class=\"swiper-slide-image\" src=\"https:\/\/novafres.es\/wp-content\/uploads\/2025\/06\/saba.jpg\" alt=\"\" \/><\/figure><\/div><div class=\"swiper-slide\" role=\"group\" aria-roledescription=\"slide\" aria-label=\"17 de 19\"><figure class=\"swiper-slide-inner\"><img decoding=\"async\" class=\"swiper-slide-image\" src=\"https:\/\/novafres.es\/wp-content\/uploads\/2025\/06\/Nuevo_Logo_Diamir_NUEVO_copia.png\" alt=\"\" \/><\/figure><\/div><div class=\"swiper-slide\" role=\"group\" aria-roledescription=\"slide\" aria-label=\"18 de 19\"><figure class=\"swiper-slide-inner\"><img decoding=\"async\" class=\"swiper-slide-image\" src=\"https:\/\/novafres.es\/wp-content\/uploads\/2025\/06\/surt.png\" alt=\"\" \/><\/figure><\/div><div class=\"swiper-slide\" role=\"group\" aria-roledescription=\"slide\" aria-label=\"19 de 19\"><figure class=\"swiper-slide-inner\"><img decoding=\"async\" class=\"swiper-slide-image\" src=\"https:\/\/novafres.es\/wp-content\/uploads\/2025\/06\/herdist.webp\" alt=\"\" \/><\/figure><\/div>\t\t\t<\/div>\n\t\t\t\t\t\t\t\n\t\t\t\t\t\t\t\t\t<\/div>\n\t\t\t\t<\/div>\n\t\t\t\t<\/div>\n\t\t\t\t\t<\/div>\n\t\t<\/div>\n\t\t\t\t\t<\/div>\n\t\t<\/section>\n\t\t\t\t<\/div>\n\t\t","protected":false},"excerpt":{"rendered":"<p>Distribuciones Novafres SL EMPRESA DISTRIBUCIONS NOVAFRES Distribucions\u00a0Novafres\u00a0S.L. \u00e9s una empresa familiar, situada a Viladecans, amb m\u00e9s de 20 anys d&#8217;experi\u00e8ncia a la zona del Baix Llobregat. Proporcionem un servei integral a l&#8217;hostaleria i restauraci\u00f3 de la zona, la nostra m\u00e0xima \u00e9s garantir un servei flexible i proper als nostres clients. Comptem amb un equip professional, [&hellip;]<\/p>\n","protected":false},"author":2,"featured_media":0,"parent":0,"menu_order":100,"comment_status":"closed","ping_status":"closed","template":"","meta":{"_joinchat":[],"footnotes":""},"class_list":["post-238","page","type-page","status-publish","hentry"],"yoast_head":"<!-- This site is optimized with the Yoast SEO plugin v23.6 - https:\/\/yoast.com\/wordpress\/plugins\/seo\/ -->\n<title>Empresa - Distribuciones Novafres SL<\/title>\n<meta name=\"robots\" content=\"index, follow, max-snippet:-1, max-image-preview:large, max-video-preview:-1\" \/>\n<link rel=\"canonical\" href=\"https:\/\/novafres.es\/ca\/empresa-2\/\" \/>\n<meta property=\"og:locale\" content=\"ca_ES\" \/>\n<meta property=\"og:type\" content=\"article\" \/>\n<meta property=\"og:title\" content=\"Empresa - Distribuciones Novafres SL\" \/>\n<meta property=\"og:description\" content=\"Distribuciones Novafres SL EMPRESA DISTRIBUCIONS NOVAFRES Distribucions\u00a0Novafres\u00a0S.L. \u00e9s una empresa familiar, situada a Viladecans, amb m\u00e9s de 20 anys d&#8217;experi\u00e8ncia a la zona del Baix Llobregat. Proporcionem un servei integral a l&#8217;hostaleria i restauraci\u00f3 de la zona, la nostra m\u00e0xima \u00e9s garantir un servei flexible i proper als nostres clients. Comptem amb un equip professional, [&hellip;]\" \/>\n<meta property=\"og:url\" content=\"https:\/\/novafres.es\/ca\/empresa-2\/\" \/>\n<meta property=\"og:site_name\" content=\"Distribuciones Novafres SL\" \/>\n<meta property=\"article:modified_time\" content=\"2025-06-13T07:43:24+00:00\" \/>\n<meta property=\"og:image\" content=\"https:\/\/novafres.es\/wp-content\/uploads\/2025\/06\/Embutidos-olivas.jpg\" \/>\n\t<meta property=\"og:image:width\" content=\"740\" \/>\n\t<meta property=\"og:image:height\" content=\"1110\" \/>\n\t<meta property=\"og:image:type\" content=\"image\/jpeg\" \/>\n<meta name=\"twitter:card\" content=\"summary_large_image\" \/>\n<meta name=\"twitter:label1\" content=\"Temps estimat de lectura\" \/>\n\t<meta name=\"twitter:data1\" content=\"8 minuts\" \/>\n<script type=\"application\/ld+json\" class=\"yoast-schema-graph\">{\"@context\":\"https:\/\/schema.org\",\"@graph\":[{\"@type\":\"WebPage\",\"@id\":\"https:\/\/novafres.es\/ca\/empresa-2\/\",\"url\":\"https:\/\/novafres.es\/ca\/empresa-2\/\",\"name\":\"Empresa - Distribuciones Novafres SL\",\"isPartOf\":{\"@id\":\"https:\/\/novafres.es\/ca\/#website\"},\"primaryImageOfPage\":{\"@id\":\"https:\/\/novafres.es\/ca\/empresa-2\/#primaryimage\"},\"image\":{\"@id\":\"https:\/\/novafres.es\/ca\/empresa-2\/#primaryimage\"},\"thumbnailUrl\":\"https:\/\/novafres.es\/wp-content\/uploads\/2025\/06\/Embutidos-olivas.jpg\",\"datePublished\":\"2024-10-11T06:37:20+00:00\",\"dateModified\":\"2025-06-13T07:43:24+00:00\",\"breadcrumb\":{\"@id\":\"https:\/\/novafres.es\/ca\/empresa-2\/#breadcrumb\"},\"inLanguage\":\"ca\",\"potentialAction\":[{\"@type\":\"ReadAction\",\"target\":[\"https:\/\/novafres.es\/ca\/empresa-2\/\"]}]},{\"@type\":\"ImageObject\",\"inLanguage\":\"ca\",\"@id\":\"https:\/\/novafres.es\/ca\/empresa-2\/#primaryimage\",\"url\":\"https:\/\/novafres.es\/wp-content\/uploads\/2025\/06\/Embutidos-olivas.jpg\",\"contentUrl\":\"https:\/\/novafres.es\/wp-content\/uploads\/2025\/06\/Embutidos-olivas.jpg\"},{\"@type\":\"BreadcrumbList\",\"@id\":\"https:\/\/novafres.es\/ca\/empresa-2\/#breadcrumb\",\"itemListElement\":[{\"@type\":\"ListItem\",\"position\":1,\"name\":\"Portada\",\"item\":\"https:\/\/novafres.es\/ca\/\"},{\"@type\":\"ListItem\",\"position\":2,\"name\":\"Empresa\"}]},{\"@type\":\"WebSite\",\"@id\":\"https:\/\/novafres.es\/ca\/#website\",\"url\":\"https:\/\/novafres.es\/ca\/\",\"name\":\"Distribuciones Novafres SL\",\"description\":\"\",\"potentialAction\":[{\"@type\":\"SearchAction\",\"target\":{\"@type\":\"EntryPoint\",\"urlTemplate\":\"https:\/\/novafres.es\/ca\/?s={search_term_string}\"},\"query-input\":{\"@type\":\"PropertyValueSpecification\",\"valueRequired\":true,\"valueName\":\"search_term_string\"}}],\"inLanguage\":\"ca\"}]}<\/script>\n<!-- \/ Yoast SEO plugin. -->","yoast_head_json":{"title":"Empresa - Distribuciones Novafres SL","robots":{"index":"index","follow":"follow","max-snippet":"max-snippet:-1","max-image-preview":"max-image-preview:large","max-video-preview":"max-video-preview:-1"},"canonical":"https:\/\/novafres.es\/ca\/empresa-2\/","og_locale":"ca_ES","og_type":"article","og_title":"Empresa - Distribuciones Novafres SL","og_description":"Distribuciones Novafres SL EMPRESA DISTRIBUCIONS NOVAFRES Distribucions\u00a0Novafres\u00a0S.L. \u00e9s una empresa familiar, situada a Viladecans, amb m\u00e9s de 20 anys d&#8217;experi\u00e8ncia a la zona del Baix Llobregat. Proporcionem un servei integral a l&#8217;hostaleria i restauraci\u00f3 de la zona, la nostra m\u00e0xima \u00e9s garantir un servei flexible i proper als nostres clients. Comptem amb un equip professional, [&hellip;]","og_url":"https:\/\/novafres.es\/ca\/empresa-2\/","og_site_name":"Distribuciones Novafres SL","article_modified_time":"2025-06-13T07:43:24+00:00","og_image":[{"width":740,"height":1110,"url":"https:\/\/novafres.es\/wp-content\/uploads\/2025\/06\/Embutidos-olivas.jpg","type":"image\/jpeg"}],"twitter_card":"summary_large_image","twitter_misc":{"Temps estimat de lectura":"8 minuts"},"schema":{"@context":"https:\/\/schema.org","@graph":[{"@type":"WebPage","@id":"https:\/\/novafres.es\/ca\/empresa-2\/","url":"https:\/\/novafres.es\/ca\/empresa-2\/","name":"Empresa - Distribuciones Novafres SL","isPartOf":{"@id":"https:\/\/novafres.es\/ca\/#website"},"primaryImageOfPage":{"@id":"https:\/\/novafres.es\/ca\/empresa-2\/#primaryimage"},"image":{"@id":"https:\/\/novafres.es\/ca\/empresa-2\/#primaryimage"},"thumbnailUrl":"https:\/\/novafres.es\/wp-content\/uploads\/2025\/06\/Embutidos-olivas.jpg","datePublished":"2024-10-11T06:37:20+00:00","dateModified":"2025-06-13T07:43:24+00:00","breadcrumb":{"@id":"https:\/\/novafres.es\/ca\/empresa-2\/#breadcrumb"},"inLanguage":"ca","potentialAction":[{"@type":"ReadAction","target":["https:\/\/novafres.es\/ca\/empresa-2\/"]}]},{"@type":"ImageObject","inLanguage":"ca","@id":"https:\/\/novafres.es\/ca\/empresa-2\/#primaryimage","url":"https:\/\/novafres.es\/wp-content\/uploads\/2025\/06\/Embutidos-olivas.jpg","contentUrl":"https:\/\/novafres.es\/wp-content\/uploads\/2025\/06\/Embutidos-olivas.jpg"},{"@type":"BreadcrumbList","@id":"https:\/\/novafres.es\/ca\/empresa-2\/#breadcrumb","itemListElement":[{"@type":"ListItem","position":1,"name":"Portada","item":"https:\/\/novafres.es\/ca\/"},{"@type":"ListItem","position":2,"name":"Empresa"}]},{"@type":"WebSite","@id":"https:\/\/novafres.es\/ca\/#website","url":"https:\/\/novafres.es\/ca\/","name":"Distribuciones Novafres SL","description":"","potentialAction":[{"@type":"SearchAction","target":{"@type":"EntryPoint","urlTemplate":"https:\/\/novafres.es\/ca\/?s={search_term_string}"},"query-input":{"@type":"PropertyValueSpecification","valueRequired":true,"valueName":"search_term_string"}}],"inLanguage":"ca"}]}},"_links":{"self":[{"href":"https:\/\/novafres.es\/ca\/wp-json\/wp\/v2\/pages\/238","targetHints":{"allow":["GET"]}}],"collection":[{"href":"https:\/\/novafres.es\/ca\/wp-json\/wp\/v2\/pages"}],"about":[{"href":"https:\/\/novafres.es\/ca\/wp-json\/wp\/v2\/types\/page"}],"author":[{"embeddable":true,"href":"https:\/\/novafres.es\/ca\/wp-json\/wp\/v2\/users\/2"}],"replies":[{"embeddable":true,"href":"https:\/\/novafres.es\/ca\/wp-json\/wp\/v2\/comments?post=238"}],"version-history":[{"count":4,"href":"https:\/\/novafres.es\/ca\/wp-json\/wp\/v2\/pages\/238\/revisions"}],"predecessor-version":[{"id":428,"href":"https:\/\/novafres.es\/ca\/wp-json\/wp\/v2\/pages\/238\/revisions\/428"}],"wp:attachment":[{"href":"https:\/\/novafres.es\/ca\/wp-json\/wp\/v2\/media?parent=238"}],"curies":[{"name":"wp","href":"https:\/\/api.w.org\/{rel}","templated":true}]}}